{"id":19107,"date":"2022-09-08T20:19:40","date_gmt":"2022-09-08T20:19:40","guid":{"rendered":"https:\/\/www.renastructures.com\/referanslar\/"},"modified":"2023-11-20T15:03:33","modified_gmt":"2023-11-20T15:03:33","slug":"referanslar","status":"publish","type":"page","link":"https:\/\/www.renastructures.com\/tr\/referanslar\/","title":{"rendered":"Referanslar"},"content":{"rendered":"\t\t<div data-elementor-type=\"wp-page\" data-elementor-id=\"19107\" class=\"elementor elementor-19107 elementor-4961\" data-elementor-post-type=\"page\">\n\t\t\t\t\t\t<div class=\"elementor-inner\">\n\t\t\t\t<div class=\"elementor-section-wrap\">\n\t\t\t\t\t\t\t<div class=\"elementor-element elementor-element-306a428 e-flex e-con-boxed e-con e-parent\" data-id=\"306a428\" data-element_type=\"container\" data-settings=\"{&quot;content_width&quot;:&quot;boxed&quot;}\" data-core-v316-plus=\"true\">\n\t\t\t\t\t<div class=\"e-con-inner\">\n\t\t\t\t<div class=\"elementor-element elementor-element-1a498d3 elementor-widget elementor-widget-industrium_heading\" data-id=\"1a498d3\" data-element_type=\"widget\" data-widget_type=\"industrium_heading.default\">\n\t\t\t\t<div class=\"elementor-widget-container\">\n\t\t\t<div class=\"industrium-heading-widget\"><h1 class=\"industrium-heading\"><span class=\"industrium-heading-content\">REFERANSLAR<\/span><\/h1><\/div>\t\t<\/div>\n\t\t\t\t<\/div>\n\t\t\t\t\t<\/div>\n\t\t\t\t<\/div>\n\t\t\t\t<section class=\"elementor-section elementor-top-section elementor-element elementor-element-729f402 elementor-section-boxed elementor-section-height-default elementor-section-height-default\" data-id=\"729f402\" data-element_type=\"section\">\n\t\t\t\t\t\t<div class=\"elementor-container elementor-column-gap-default\">\n\t\t\t\t\t\t\t<div class=\"elementor-row\">\n\t\t\t\t\t<div class=\"elementor-column elementor-col-100 elementor-top-column elementor-element elementor-element-351f9b6\" data-id=\"351f9b6\" data-element_type=\"column\">\n\t\t\t<div class=\"elementor-column-wrap elementor-element-populated\">\n\t\t\t\t\t\t\t<div class=\"elementor-widget-wrap\">\n\t\t\t\t\t\t<div class=\"elementor-element elementor-element-4de48af elementor-widget elementor-widget-industrium_portfolio_listing\" data-id=\"4de48af\" data-element_type=\"widget\" data-widget_type=\"industrium_portfolio_listing.default\">\n\t\t\t\t<div class=\"elementor-widget-container\">\n\t\t\t\n        <div class=\"industrium-portfolios-listing-widget\">\n\n            \n            \n                       <div class=\"archive-listing\" data-ajax='{&quot;post_type&quot;:&quot;industrium_portfolio&quot;,&quot;ignore_sticky_posts&quot;:true,&quot;suppress_filters&quot;:true,&quot;orderby&quot;:&quot;date&quot;,&quot;order&quot;:&quot;desc&quot;,&quot;link_base&quot;:&quot;https:\\\/\\\/www.renastructures.com\\\/tr\\\/wp-json\\\/wp\\\/v2\\\/pages\\\/19107\\\/&quot;,&quot;industrium_portfolio_category&quot;:[&quot;buyuk-cadir&quot;,&quot;endustriyel-cadir&quot;,&quot;etkinlik-cadiri&quot;,&quot;pagoda-cadir&quot;],&quot;posts_per_page&quot;:9,&quot;columns_number&quot;:3,&quot;paged&quot;:1}' data-widget='{&quot;item_class&quot;:&quot;portfolio-item-wrapper&quot;,&quot;columns_number&quot;:3,&quot;listing_type&quot;:&quot;grid&quot;}'>\n                <div class=\"archive-listing-wrapper portfolio-listing-wrapper portfolio-grid-listing columns-3\">\n                    \n<div class=\"portfolio-item-wrapper post-19532 industrium_portfolio type-industrium_portfolio status-publish has-post-thumbnail hentry industrium_portfolio_category-buyuk-cadir industrium_portfolio_category-pagoda-cadir\">\n    <div class=\"portfolio-item\">\n        <a href=\"https:\/\/www.renastructures.com\/tr\/tuzla-yat-sovu\/\" class=\"portfolio-item-link\">\n            <span class=\"portfolio-item-media\"><img decoding=\"async\" alt=\"tuzla-yatch-show-20194\" title=\"tuzla-yatch-show-20194\" srcset=\"https:\/\/www.renastructures.com\/wp-content\/uploads\/2022\/09\/tuzla-yatch-show-20194-640x554.webp 535w, https:\/\/www.renastructures.com\/wp-content\/uploads\/2022\/09\/tuzla-yatch-show-20194-384x333.webp 951w, https:\/\/www.renastructures.com\/wp-content\/uploads\/2022\/09\/tuzla-yatch-show-20194-640x554.webp 1170w\" sizes=\"(max-width: 575px) 535px, (max-width: 991px) 951px\" src=\"https:\/\/www.renastructures.com\/wp-content\/uploads\/2022\/09\/tuzla-yatch-show-20194-640x554.webp\" class=\"attachment-industrium_portfolio_grid_3_columns size-industrium_portfolio_grid_3_columns wp-post-image\" \/><\/span><span class=\"portfolio-item-content\"><span class=\"portfolio-item-content-inner\"><span class=\"post-categories\"><span class=\"post-category-item\">B\u00fcy\u00fck \u00c7ad\u0131r<\/span><span class=\"post-category-item\">Pagoda \u00c7ad\u0131r<\/span><\/span><span class=\"post-title\">Tuzla Yat \u015eovu<\/span><\/span><\/span>        <\/a>\n    <\/div>\n<\/div>\n<div class=\"portfolio-item-wrapper post-19529 industrium_portfolio type-industrium_portfolio status-publish has-post-thumbnail hentry industrium_portfolio_category-buyuk-cadir industrium_portfolio_category-endustriyel-cadir industrium_portfolio_category-etkinlik-cadiri industrium_portfolio_category-pagoda-cadir\">\n    <div class=\"portfolio-item\">\n        <a href=\"https:\/\/www.renastructures.com\/tr\/antalya-growtech-fuar\/\" class=\"portfolio-item-link\">\n            <span class=\"portfolio-item-media\"><img decoding=\"async\" alt=\"growtech-2019-tarim-fuari4\" title=\"growtech-2019-tarim-fuari4\" srcset=\"https:\/\/www.renastructures.com\/wp-content\/uploads\/2023\/10\/growtech-2019-tarim-fuari4-640x554.webp 535w, https:\/\/www.renastructures.com\/wp-content\/uploads\/2023\/10\/growtech-2019-tarim-fuari4-384x333.webp 951w, https:\/\/www.renastructures.com\/wp-content\/uploads\/2023\/10\/growtech-2019-tarim-fuari4-640x554.webp 1170w\" sizes=\"(max-width: 575px) 535px, (max-width: 991px) 951px\" src=\"https:\/\/www.renastructures.com\/wp-content\/uploads\/2023\/10\/growtech-2019-tarim-fuari4-640x554.webp\" class=\"attachment-industrium_portfolio_grid_3_columns size-industrium_portfolio_grid_3_columns wp-post-image\" \/><\/span><span class=\"portfolio-item-content\"><span class=\"portfolio-item-content-inner\"><span class=\"post-categories\"><span class=\"post-category-item\">B\u00fcy\u00fck \u00c7ad\u0131r<\/span><span class=\"post-category-item\">End\u00fcstriyel \u00c7ad\u0131r<\/span><span class=\"post-category-item\">Etkinlik \u00c7ad\u0131r\u0131<\/span><span class=\"post-category-item\">Pagoda \u00c7ad\u0131r<\/span><\/span><span class=\"post-title\">Antalya Growtech Fuar\u0131<\/span><\/span><\/span>        <\/a>\n    <\/div>\n<\/div>\n<div class=\"portfolio-item-wrapper post-19531 industrium_portfolio type-industrium_portfolio status-publish has-post-thumbnail hentry industrium_portfolio_category-buyuk-cadir industrium_portfolio_category-etkinlik-cadiri\">\n    <div class=\"portfolio-item\">\n        <a href=\"https:\/\/www.renastructures.com\/tr\/turk-hava-yollari-acik-golf-turnuvasi\/\" class=\"portfolio-item-link\">\n            <span class=\"portfolio-item-media\"><img decoding=\"async\" alt=\"dunya-2018-golf-sampiyonasi1\" title=\"dunya-2018-golf-sampiyonasi1\" srcset=\"https:\/\/www.renastructures.com\/wp-content\/uploads\/2023\/10\/dunya-2018-golf-sampiyonasi1-640x554.webp 535w, https:\/\/www.renastructures.com\/wp-content\/uploads\/2023\/10\/dunya-2018-golf-sampiyonasi1-384x333.webp 951w, https:\/\/www.renastructures.com\/wp-content\/uploads\/2023\/10\/dunya-2018-golf-sampiyonasi1-640x554.webp 1170w\" sizes=\"(max-width: 575px) 535px, (max-width: 991px) 951px\" src=\"https:\/\/www.renastructures.com\/wp-content\/uploads\/2023\/10\/dunya-2018-golf-sampiyonasi1-640x554.webp\" class=\"attachment-industrium_portfolio_grid_3_columns size-industrium_portfolio_grid_3_columns wp-post-image\" \/><\/span><span class=\"portfolio-item-content\"><span class=\"portfolio-item-content-inner\"><span class=\"post-categories\"><span class=\"post-category-item\">B\u00fcy\u00fck \u00c7ad\u0131r<\/span><span class=\"post-category-item\">Etkinlik \u00c7ad\u0131r\u0131<\/span><\/span><span class=\"post-title\">T\u00fcrk Hava Yollar\u0131 A\u00e7\u0131k Golf Turnuvas\u0131<\/span><\/span><\/span>        <\/a>\n    <\/div>\n<\/div>\n<div class=\"portfolio-item-wrapper post-19530 industrium_portfolio type-industrium_portfolio status-publish has-post-thumbnail hentry industrium_portfolio_category-endustriyel-cadir\">\n    <div class=\"portfolio-item\">\n        <a href=\"https:\/\/www.renastructures.com\/tr\/asas-termo-depo-cadiri\/\" class=\"portfolio-item-link\">\n            <span class=\"portfolio-item-media\"><img decoding=\"async\" alt=\"asas-depo-cadiri1\" title=\"asas-depo-cadiri1\" srcset=\"https:\/\/www.renastructures.com\/wp-content\/uploads\/2023\/10\/asas-depo-cadiri1-640x554.webp 535w, https:\/\/www.renastructures.com\/wp-content\/uploads\/2023\/10\/asas-depo-cadiri1-384x333.webp 951w, https:\/\/www.renastructures.com\/wp-content\/uploads\/2023\/10\/asas-depo-cadiri1-640x554.webp 1170w\" sizes=\"(max-width: 575px) 535px, (max-width: 991px) 951px\" src=\"https:\/\/www.renastructures.com\/wp-content\/uploads\/2023\/10\/asas-depo-cadiri1-640x554.webp\" class=\"attachment-industrium_portfolio_grid_3_columns size-industrium_portfolio_grid_3_columns wp-post-image\" \/><\/span><span class=\"portfolio-item-content\"><span class=\"portfolio-item-content-inner\"><span class=\"post-categories\"><span class=\"post-category-item\">End\u00fcstriyel \u00c7ad\u0131r<\/span><\/span><span class=\"post-title\">Asas Termo Depo \u00c7ad\u0131r\u0131<\/span><\/span><\/span>        <\/a>\n    <\/div>\n<\/div>\n<div class=\"portfolio-item-wrapper post-19801 industrium_portfolio type-industrium_portfolio status-publish has-post-thumbnail hentry industrium_portfolio_category-etkinlik-cadiri industrium_portfolio_category-pagoda-cadir\">\n    <div class=\"portfolio-item\">\n        <a href=\"https:\/\/www.renastructures.com\/tr\/isik-universitesi-mezuniyet-etkinlik-cadiri\/\" class=\"portfolio-item-link\">\n            <span class=\"portfolio-item-media\"><img decoding=\"async\" alt=\"isik-universitesi-etkinlik-cadiri-rena-2\" title=\"isik-universitesi-etkinlik-cadiri-rena-2\" srcset=\"https:\/\/www.renastructures.com\/wp-content\/uploads\/2023\/11\/isik-universitesi-etkinlik-cadiri-rena-2-640x554.webp 535w, https:\/\/www.renastructures.com\/wp-content\/uploads\/2023\/11\/isik-universitesi-etkinlik-cadiri-rena-2-384x333.webp 951w, https:\/\/www.renastructures.com\/wp-content\/uploads\/2023\/11\/isik-universitesi-etkinlik-cadiri-rena-2-640x554.webp 1170w\" sizes=\"(max-width: 575px) 535px, (max-width: 991px) 951px\" src=\"https:\/\/www.renastructures.com\/wp-content\/uploads\/2023\/11\/isik-universitesi-etkinlik-cadiri-rena-2-640x554.webp\" class=\"attachment-industrium_portfolio_grid_3_columns size-industrium_portfolio_grid_3_columns wp-post-image\" \/><\/span><span class=\"portfolio-item-content\"><span class=\"portfolio-item-content-inner\"><span class=\"post-categories\"><span class=\"post-category-item\">Etkinlik \u00c7ad\u0131r\u0131<\/span><span class=\"post-category-item\">Pagoda \u00c7ad\u0131r<\/span><\/span><span class=\"post-title\">I\u015f\u0131k \u00dcniversitesi Mezuniyet Etkinlik \u00c7ad\u0131r\u0131<\/span><\/span><\/span>        <\/a>\n    <\/div>\n<\/div>\n<div class=\"portfolio-item-wrapper post-19813 industrium_portfolio type-industrium_portfolio status-publish has-post-thumbnail hentry industrium_portfolio_category-endustriyel-cadir\">\n    <div class=\"portfolio-item\">\n        <a href=\"https:\/\/www.renastructures.com\/tr\/bandirma-depo-cadiri\/\" class=\"portfolio-item-link\">\n            <span class=\"portfolio-item-media\"><img decoding=\"async\" alt=\"bandirma-depo-cadiri-rena-1\" title=\"bandirma-depo-cadiri-rena-1\" srcset=\"https:\/\/www.renastructures.com\/wp-content\/uploads\/2023\/11\/bandirma-depo-cadiri-rena-1-640x554.webp 535w, https:\/\/www.renastructures.com\/wp-content\/uploads\/2023\/11\/bandirma-depo-cadiri-rena-1-384x333.webp 951w, https:\/\/www.renastructures.com\/wp-content\/uploads\/2023\/11\/bandirma-depo-cadiri-rena-1-640x554.webp 1170w\" sizes=\"(max-width: 575px) 535px, (max-width: 991px) 951px\" src=\"https:\/\/www.renastructures.com\/wp-content\/uploads\/2023\/11\/bandirma-depo-cadiri-rena-1-640x554.webp\" class=\"attachment-industrium_portfolio_grid_3_columns size-industrium_portfolio_grid_3_columns wp-post-image\" \/><\/span><span class=\"portfolio-item-content\"><span class=\"portfolio-item-content-inner\"><span class=\"post-categories\"><span class=\"post-category-item\">End\u00fcstriyel \u00c7ad\u0131r<\/span><\/span><span class=\"post-title\">Band\u0131rma Depo \u00c7ad\u0131r\u0131<\/span><\/span><\/span>        <\/a>\n    <\/div>\n<\/div>\n<div class=\"portfolio-item-wrapper post-19829 industrium_portfolio type-industrium_portfolio status-publish has-post-thumbnail hentry industrium_portfolio_category-endustriyel-cadir\">\n    <div class=\"portfolio-item\">\n        <a href=\"https:\/\/www.renastructures.com\/tr\/borusan-depo-cadiri\/\" class=\"portfolio-item-link\">\n            <span class=\"portfolio-item-media\"><img decoding=\"async\" alt=\"borusan-depo-cadiri-1\" title=\"borusan-depo-cadiri-1\" srcset=\"https:\/\/www.renastructures.com\/wp-content\/uploads\/2023\/11\/borusan-depo-cadiri-1-640x554.webp 535w, https:\/\/www.renastructures.com\/wp-content\/uploads\/2023\/11\/borusan-depo-cadiri-1-384x333.webp 951w, https:\/\/www.renastructures.com\/wp-content\/uploads\/2023\/11\/borusan-depo-cadiri-1-640x554.webp 1170w\" sizes=\"(max-width: 575px) 535px, (max-width: 991px) 951px\" src=\"https:\/\/www.renastructures.com\/wp-content\/uploads\/2023\/11\/borusan-depo-cadiri-1-640x554.webp\" class=\"attachment-industrium_portfolio_grid_3_columns size-industrium_portfolio_grid_3_columns wp-post-image\" \/><\/span><span class=\"portfolio-item-content\"><span class=\"portfolio-item-content-inner\"><span class=\"post-categories\"><span class=\"post-category-item\">End\u00fcstriyel \u00c7ad\u0131r<\/span><\/span><span class=\"post-title\">Borusan Depo \u00c7ad\u0131r\u0131<\/span><\/span><\/span>        <\/a>\n    <\/div>\n<\/div>                <\/div>                \n                                            <\/div>\n                        \n        <\/div>\n        \t\t<\/div>\n\t\t\t\t<\/div>\n\t\t\t\t\t\t<\/div>\n\t\t\t\t\t<\/div>\n\t\t<\/div>\n\t\t\t\t\t\t\t\t<\/div>\n\t\t\t\t\t<\/div>\n\t\t<\/section>\n\t\t\t\t\t\t\t\t\t<\/div>\n\t\t\t<\/div>\n\t\t\t\t\t<\/div>\n\t\t","protected":false},"excerpt":{"rendered":"","protected":false},"author":1,"featured_media":0,"parent":0,"menu_order":0,"comment_status":"closed","ping_status":"closed","template":"elementor_header_footer","meta":{"inline_featured_image":false,"footnotes":""},"class_list":["post-19107","page","type-page","status-publish","hentry"],"_links":{"self":[{"href":"https:\/\/www.renastructures.com\/tr\/wp-json\/wp\/v2\/pages\/19107","targetHints":{"allow":["GET"]}}],"collection":[{"href":"https:\/\/www.renastructures.com\/tr\/wp-json\/wp\/v2\/pages"}],"about":[{"href":"https:\/\/www.renastructures.com\/tr\/wp-json\/wp\/v2\/types\/page"}],"author":[{"embeddable":true,"href":"https:\/\/www.renastructures.com\/tr\/wp-json\/wp\/v2\/users\/1"}],"replies":[{"embeddable":true,"href":"https:\/\/www.renastructures.com\/tr\/wp-json\/wp\/v2\/comments?post=19107"}],"version-history":[{"count":7,"href":"https:\/\/www.renastructures.com\/tr\/wp-json\/wp\/v2\/pages\/19107\/revisions"}],"predecessor-version":[{"id":19874,"href":"https:\/\/www.renastructures.com\/tr\/wp-json\/wp\/v2\/pages\/19107\/revisions\/19874"}],"wp:attachment":[{"href":"https:\/\/www.renastructures.com\/tr\/wp-json\/wp\/v2\/media?parent=19107"}],"curies":[{"name":"wp","href":"https:\/\/api.w.org\/{rel}","templated":true}]}}