{"id":18181,"date":"2023-10-18T22:35:37","date_gmt":"2023-10-18T22:35:37","guid":{"rendered":"https:\/\/www.renastructures.com\/?page_id=18181"},"modified":"2023-10-20T10:44:45","modified_gmt":"2023-10-20T10:44:45","slug":"iletisim","status":"publish","type":"page","link":"https:\/\/www.renastructures.com\/tr\/iletisim\/","title":{"rendered":"\u0130leti\u015fim"},"content":{"rendered":"\t\t<div data-elementor-type=\"wp-page\" data-elementor-id=\"18181\" class=\"elementor elementor-18181\" data-elementor-post-type=\"page\">\n\t\t\t\t\t\t<div class=\"elementor-inner\">\n\t\t\t\t<div class=\"elementor-section-wrap\">\n\t\t\t\t\t\t\t<div class=\"elementor-element elementor-element-20428f8 e-flex e-con-boxed e-con e-parent\" data-id=\"20428f8\" data-element_type=\"container\" data-settings=\"{&quot;background_background&quot;:&quot;classic&quot;,&quot;content_width&quot;:&quot;boxed&quot;}\" data-core-v316-plus=\"true\">\n\t\t\t\t\t<div class=\"e-con-inner\">\n\t\t<div class=\"elementor-element elementor-element-2db4ed9 e-con-full e-flex e-con e-child\" data-id=\"2db4ed9\" data-element_type=\"container\" data-settings=\"{&quot;content_width&quot;:&quot;full&quot;}\">\n\t\t\t\t<div class=\"elementor-element elementor-element-3dd2e26 elementor-widget elementor-widget-industrium_heading\" data-id=\"3dd2e26\" data-element_type=\"widget\" data-widget_type=\"industrium_heading.default\">\n\t\t\t\t<div class=\"elementor-widget-container\">\n\t\t\t<div class=\"industrium-heading-widget\"><h2 class=\"industrium-heading\"><span class=\"industrium-subheading\">\u0130leti\u015fim<\/span><span class=\"industrium-heading-content\"><span>Size yard\u0131m etmeye ve sorular\u0131n\u0131z\u0131 cevaplamaya her zaman haz\u0131r\u0131z.<\/span>\u00a0<\/span><\/h2><\/div>\t\t<\/div>\n\t\t\t\t<\/div>\n\t\t<div class=\"elementor-element elementor-element-a973817 e-con-full e-flex e-con e-child\" data-id=\"a973817\" data-element_type=\"container\" data-settings=\"{&quot;content_width&quot;:&quot;full&quot;}\">\n\t\t<div class=\"elementor-element elementor-element-38eb835 e-con-full e-flex e-con e-child\" data-id=\"38eb835\" data-element_type=\"container\" data-settings=\"{&quot;content_width&quot;:&quot;full&quot;}\">\n\t\t\t\t<div class=\"elementor-element elementor-element-845dec2 elementor-widget elementor-widget-industrium_heading\" data-id=\"845dec2\" data-element_type=\"widget\" data-widget_type=\"industrium_heading.default\">\n\t\t\t\t<div class=\"elementor-widget-container\">\n\t\t\t<div class=\"industrium-heading-widget\"><h5 class=\"industrium-heading\"><span class=\"industrium-heading-content\">Adres<\/span><\/h5><\/div>\t\t<\/div>\n\t\t\t\t<\/div>\n\t\t\t\t<div class=\"elementor-element elementor-element-a130423 elementor-widget elementor-widget-text-editor\" data-id=\"a130423\" data-element_type=\"widget\" data-widget_type=\"text-editor.default\">\n\t\t\t\t<div class=\"elementor-widget-container\">\n\t\t\t\t\t\t\t\t<div class=\"elementor-text-editor elementor-clearfix\">\n\t\t\t\t<p>Atat\u00fcrk Mahallesi Sedef Caddesi Ata Bloklar\u0131 3\/5 Blok Kat:2 Daire:56 Ata\u015fehir \/ \u0130stanbul<\/p>\t\t\t\t\t<\/div>\n\t\t\t\t\t\t<\/div>\n\t\t\t\t<\/div>\n\t\t\t\t<div class=\"elementor-element elementor-element-7bf3c2b elementor-widget elementor-widget-industrium_heading\" data-id=\"7bf3c2b\" data-element_type=\"widget\" data-widget_type=\"industrium_heading.default\">\n\t\t\t\t<div class=\"elementor-widget-container\">\n\t\t\t<div class=\"industrium-heading-widget\"><h5 class=\"industrium-heading\"><span class=\"industrium-heading-content\">Bizi Takip Edin<\/span><\/h5><\/div>\t\t<\/div>\n\t\t\t\t<\/div>\n\t\t\t\t<div class=\"elementor-element elementor-element-aa55e6e elementor-shape-square e-grid-align-left elementor-grid-0 elementor-widget elementor-widget-social-icons\" data-id=\"aa55e6e\" data-element_type=\"widget\" data-widget_type=\"social-icons.default\">\n\t\t\t\t<div class=\"elementor-widget-container\">\n\t\t\t\t\t<div class=\"elementor-social-icons-wrapper elementor-grid\">\n\t\t\t\t\t\t\t<span class=\"elementor-grid-item\">\n\t\t\t\t\t<a class=\"elementor-icon elementor-social-icon elementor-social-icon-twitter elementor-repeater-item-a542936\" href=\"https:\/\/twitter.com\/Rena_Structures\" target=\"_blank\" rel=\"noopener\">\n\t\t\t\t\t\t<span class=\"elementor-screen-only\">Twitter<\/span>\n\t\t\t\t\t\t<i class=\"fab fa-twitter\"><\/i>\t\t\t\t\t<\/a>\n\t\t\t\t<\/span>\n\t\t\t\t\t\t\t<span class=\"elementor-grid-item\">\n\t\t\t\t\t<a class=\"elementor-icon elementor-social-icon elementor-social-icon-facebook-f elementor-repeater-item-19f58c7\" href=\"https:\/\/www.facebook.com\/rena.structures\" target=\"_blank\" rel=\"noopener\">\n\t\t\t\t\t\t<span class=\"elementor-screen-only\">Facebook-f<\/span>\n\t\t\t\t\t\t<i class=\"fab fa-facebook-f\"><\/i>\t\t\t\t\t<\/a>\n\t\t\t\t<\/span>\n\t\t\t\t\t\t\t<span class=\"elementor-grid-item\">\n\t\t\t\t\t<a class=\"elementor-icon elementor-social-icon elementor-social-icon-linkedin-in elementor-repeater-item-805c147\" href=\"https:\/\/www.linkedin.com\/company\/rena-structures\" target=\"_blank\" rel=\"noopener\">\n\t\t\t\t\t\t<span class=\"elementor-screen-only\">Linkedin-in<\/span>\n\t\t\t\t\t\t<i class=\"fab fa-linkedin-in\"><\/i>\t\t\t\t\t<\/a>\n\t\t\t\t<\/span>\n\t\t\t\t\t\t\t<span class=\"elementor-grid-item\">\n\t\t\t\t\t<a class=\"elementor-icon elementor-social-icon elementor-social-icon-instagram elementor-repeater-item-3b22869\" href=\"https:\/\/www.instagram.com\/rena.structures\" target=\"_blank\" rel=\"noopener\">\n\t\t\t\t\t\t<span class=\"elementor-screen-only\">Instagram<\/span>\n\t\t\t\t\t\t<i class=\"fab fa-instagram\"><\/i>\t\t\t\t\t<\/a>\n\t\t\t\t<\/span>\n\t\t\t\t\t<\/div>\n\t\t\t\t<\/div>\n\t\t\t\t<\/div>\n\t\t\t\t<\/div>\n\t\t<div class=\"elementor-element elementor-element-0d40e38 e-con-full e-flex e-con e-child\" data-id=\"0d40e38\" data-element_type=\"container\" data-settings=\"{&quot;content_width&quot;:&quot;full&quot;}\">\n\t\t\t\t<div class=\"elementor-element elementor-element-f56b82b elementor-widget elementor-widget-industrium_heading\" data-id=\"f56b82b\" data-element_type=\"widget\" data-widget_type=\"industrium_heading.default\">\n\t\t\t\t<div class=\"elementor-widget-container\">\n\t\t\t<div class=\"industrium-heading-widget\"><h5 class=\"industrium-heading\"><span class=\"industrium-heading-content\">Telefon<\/span><\/h5><\/div>\t\t<\/div>\n\t\t\t\t<\/div>\n\t\t\t\t<div class=\"elementor-element elementor-element-83de0af elementor-widget elementor-widget-text-editor\" data-id=\"83de0af\" data-element_type=\"widget\" data-widget_type=\"text-editor.default\">\n\t\t\t\t<div class=\"elementor-widget-container\">\n\t\t\t\t\t\t\t\t<div class=\"elementor-text-editor elementor-clearfix\">\n\t\t\t\t<p><a href=\"callto:+902165044696\">+90 216 504 46 96<\/a><\/p><p><a href=\"callto:+905334733255\">+90\u00a0533\u00a0473\u00a032\u00a055<\/a><\/p>\t\t\t\t\t<\/div>\n\t\t\t\t\t\t<\/div>\n\t\t\t\t<\/div>\n\t\t\t\t<div class=\"elementor-element elementor-element-a45f5ba elementor-widget elementor-widget-industrium_heading\" data-id=\"a45f5ba\" data-element_type=\"widget\" data-widget_type=\"industrium_heading.default\">\n\t\t\t\t<div class=\"elementor-widget-container\">\n\t\t\t<div class=\"industrium-heading-widget\"><h5 class=\"industrium-heading\"><span class=\"industrium-heading-content\">Mail<\/span><\/h5><\/div>\t\t<\/div>\n\t\t\t\t<\/div>\n\t\t\t\t<div class=\"elementor-element elementor-element-0fbbf85 elementor-widget elementor-widget-text-editor\" data-id=\"0fbbf85\" data-element_type=\"widget\" data-widget_type=\"text-editor.default\">\n\t\t\t\t<div class=\"elementor-widget-container\">\n\t\t\t\t\t\t\t\t<div class=\"elementor-text-editor elementor-clearfix\">\n\t\t\t\t<div class=\"elementor-element elementor-element-ebe4bb8 elementor-widget elementor-widget-text-editor\" data-id=\"ebe4bb8\" data-element_type=\"widget\" data-widget_type=\"text-editor.default\"><div class=\"elementor-widget-container\"><div class=\"elementor-text-editor elementor-clearfix\"><p>Bizimle \u00e7al\u0131\u015fmak ister misiniz?<\/p><\/div><\/div><\/div><div class=\"elementor-element elementor-element-43f7147 elementor-icon-list--layout-traditional elementor-list-item-link-full_width elementor-widget elementor-widget-icon-list\" data-id=\"43f7147\" data-element_type=\"widget\" data-widget_type=\"icon-list.default\"><div class=\"elementor-widget-container\"><ul class=\"elementor-icon-list-items\"><li class=\"elementor-icon-list-item\">\u00a0<\/li><\/ul><\/div><\/div>\t\t\t\t\t<\/div>\n\t\t\t\t\t\t<\/div>\n\t\t\t\t<\/div>\n\t\t\t\t<div class=\"elementor-element elementor-element-97421a7 elementor-icon-list--layout-traditional elementor-list-item-link-full_width elementor-widget elementor-widget-icon-list\" data-id=\"97421a7\" data-element_type=\"widget\" data-widget_type=\"icon-list.default\">\n\t\t\t\t<div class=\"elementor-widget-container\">\n\t\t\t\t\t<ul class=\"elementor-icon-list-items\">\n\t\t\t\t\t\t\t<li class=\"elementor-icon-list-item\">\n\t\t\t\t\t\t\t\t\t\t\t<a href=\"mailto:info@renastructures.com\">\n\n\t\t\t\t\t\t\t\t\t\t\t<span class=\"elementor-icon-list-text\">info@renastructures.com<\/span>\n\t\t\t\t\t\t\t\t\t\t\t<\/a>\n\t\t\t\t\t\t\t\t\t<\/li>\n\t\t\t\t\t\t<\/ul>\n\t\t\t\t<\/div>\n\t\t\t\t<\/div>\n\t\t\t\t<\/div>\n\t\t\t\t<\/div>\n\t\t\t\t<div class=\"elementor-element elementor-element-4bd2e7a elementor-widget elementor-widget-industrium_special_text\" data-id=\"4bd2e7a\" data-element_type=\"widget\" data-widget_type=\"industrium_special_text.default\">\n\t\t\t\t<div class=\"elementor-widget-container\">\n\t\t\t<div class=\"special-text special-text-effect-stroke\">a new arena<\/div>\t\t<\/div>\n\t\t\t\t<\/div>\n\t\t\t\t<\/div>\n\t\t<div class=\"elementor-element elementor-element-05684bb e-con-full e-flex e-con e-child\" data-id=\"05684bb\" data-element_type=\"container\" data-settings=\"{&quot;content_width&quot;:&quot;full&quot;}\">\n\t\t\t\t<div class=\"elementor-element elementor-element-965441b decoration-type-2 elementor-widget__width-auto elementor-absolute elementor-hidden-tablet elementor-hidden-mobile_extra elementor-hidden-mobile animated-fast elementor-invisible elementor-widget elementor-widget-industrium_decoration\" data-id=\"965441b\" data-element_type=\"widget\" data-settings=\"{&quot;_position&quot;:&quot;absolute&quot;,&quot;_animation&quot;:&quot;industrium_decoration&quot;,&quot;_animation_tablet_extra&quot;:&quot;none&quot;,&quot;_animation_delay&quot;:300}\" data-widget_type=\"industrium_decoration.default\">\n\t\t\t\t<div class=\"elementor-widget-container\">\n\t\t\t        <div class=\"decoration-widget\">\n            <div class=\"decoration-container\">\n                <div class=\"industrium-decoration\">\n                    <div><\/div><div><\/div><div><\/div>\n                <\/div>\n            <\/div>\n        <\/div>\n        \t\t<\/div>\n\t\t\t\t<\/div>\n\t\t<div class=\"elementor-element elementor-element-d55329d e-flex e-con-boxed e-con e-child\" data-id=\"d55329d\" data-element_type=\"container\" data-settings=\"{&quot;background_background&quot;:&quot;classic&quot;,&quot;content_width&quot;:&quot;boxed&quot;}\">\n\t\t\t\t\t<div class=\"e-con-inner\">\n\t\t\t\t<div class=\"elementor-element elementor-element-9b7c399 elementor-widget elementor-widget-industrium_heading\" data-id=\"9b7c399\" data-element_type=\"widget\" data-widget_type=\"industrium_heading.default\">\n\t\t\t\t<div class=\"elementor-widget-container\">\n\t\t\t<div class=\"industrium-heading-widget\"><h2 class=\"industrium-heading\"><span class=\"industrium-heading-content\"><span>\u0130leti\u015fime Ge\u00e7in<\/span>\u00a0<\/span><\/h2><\/div>\t\t<\/div>\n\t\t\t\t<\/div>\n\t\t\t\t<div class=\"elementor-element elementor-element-77372a2 elementor-widget elementor-widget-text-editor\" data-id=\"77372a2\" data-element_type=\"widget\" data-widget_type=\"text-editor.default\">\n\t\t\t\t<div class=\"elementor-widget-container\">\n\t\t\t\t\t\t\t\t<div class=\"elementor-text-editor elementor-clearfix\">\n\t\t\t\t<div class=\"elementor-element elementor-element-4cbff29 elementor-widget elementor-widget-text-editor\" data-id=\"4cbff29\" data-element_type=\"widget\" data-widget_type=\"text-editor.default\"><div class=\"elementor-widget-container\"><div class=\"elementor-text-editor elementor-clearfix\"><p>Projelerinize konusunda sizlere nas\u0131l yard\u0131mc\u0131 olabilece\u011fimiz konusunda daha fazla bilgi almak i\u00e7in bize ula\u015fmaktan \u00e7ekinmeyin.<\/p><\/div><\/div><\/div><div class=\"elementor-element elementor-element-f1e3f35 elementor-widget elementor-widget-wpforms\" data-id=\"f1e3f35\" data-element_type=\"widget\" data-widget_type=\"wpforms.default\"><div class=\"elementor-widget-container\"><div id=\"wpforms-13\" class=\"wpforms-container wpforms-container-full wpforms-render-modern\"><form id=\"wpforms-form-16020\" class=\"wpforms-validate wpforms-form wpforms-ajax-form\" action=\"https:\/\/www.renastructures.com\/tr\/anasayfa\/\" enctype=\"multipart\/form-data\" method=\"post\" novalidate=\"novalidate\" data-formid=\"16020\" data-token=\"fedce291e82f8f46d5221fcbaec68bb1\"><div class=\"wpforms-field-container\"><div id=\"wpforms-13-field_1-container\" class=\"wpforms-field wpforms-field-text\" data-field-id=\"1\">\u00a0<\/div><\/div><\/form><\/div><\/div><\/div>\t\t\t\t\t<\/div>\n\t\t\t\t\t\t<\/div>\n\t\t\t\t<\/div>\n\t\t\t\t<div class=\"elementor-element elementor-element-45401f1 elementor-widget elementor-widget-wpforms\" data-id=\"45401f1\" data-element_type=\"widget\" data-widget_type=\"wpforms.default\">\n\t\t\t\t<div class=\"elementor-widget-container\">\n\t\t\t<style id=\"wpforms-css-vars-root\">\n\t\t\t\t:root {\n\t\t\t\t\t--wpforms-field-border-radius: 3px;\n--wpforms-field-background-color: #ffffff;\n--wpforms-field-border-color: rgba( 0, 0, 0, 0.25 );\n--wpforms-field-text-color: rgba( 0, 0, 0, 0.7 );\n--wpforms-label-color: rgba( 0, 0, 0, 0.85 );\n--wpforms-label-sublabel-color: rgba( 0, 0, 0, 0.55 );\n--wpforms-label-error-color: #d63637;\n--wpforms-button-border-radius: 3px;\n--wpforms-button-background-color: #066aab;\n--wpforms-button-text-color: #ffffff;\n--wpforms-field-size-input-height: 43px;\n--wpforms-field-size-input-spacing: 15px;\n--wpforms-field-size-font-size: 16px;\n--wpforms-field-size-line-height: 19px;\n--wpforms-field-size-padding-h: 14px;\n--wpforms-field-size-checkbox-size: 16px;\n--wpforms-field-size-sublabel-spacing: 5px;\n--wpforms-field-size-icon-size: 1;\n--wpforms-label-size-font-size: 16px;\n--wpforms-label-size-line-height: 19px;\n--wpforms-label-size-sublabel-font-size: 14px;\n--wpforms-label-size-sublabel-line-height: 17px;\n--wpforms-button-size-font-size: 17px;\n--wpforms-button-size-height: 41px;\n--wpforms-button-size-padding-h: 15px;\n--wpforms-button-size-margin-top: 10px;\n\n\t\t\t\t}\n\t\t\t<\/style><style id=\"wpforms-css-vars-elementor-widget-45401f1\">\n\t\t\t\t.elementor-widget-wpforms.elementor-element-45401f1 {\n\t\t\t\t\t--wpforms-field-size-input-height: 43px;\n--wpforms-field-size-input-spacing: 15px;\n--wpforms-field-size-font-size: 16px;\n--wpforms-field-size-line-height: 19px;\n--wpforms-field-size-padding-h: 14px;\n--wpforms-field-size-checkbox-size: 16px;\n--wpforms-field-size-sublabel-spacing: 5px;\n--wpforms-field-size-icon-size: 1;\n--wpforms-label-size-font-size: 16px;\n--wpforms-label-size-line-height: 19px;\n--wpforms-label-size-sublabel-font-size: 14px;\n--wpforms-label-size-sublabel-line-height: 17px;\n--wpforms-button-size-font-size: 17px;\n--wpforms-button-size-height: 41px;\n--wpforms-button-size-padding-h: 15px;\n--wpforms-button-size-margin-top: 10px;\n\n\t\t\t\t}\n\t\t\t<\/style><div class=\"wpforms-container wpforms-container-full wpforms-render-modern\" id=\"wpforms-19150\"><form id=\"wpforms-form-19150\" class=\"wpforms-validate wpforms-form wpforms-ajax-form\" data-formid=\"19150\" method=\"post\" enctype=\"multipart\/form-data\" action=\"\/tr\/wp-json\/wp\/v2\/pages\/18181\" data-token=\"0076b937f2ac5a55f0d04cebfa834d5b\"><noscript class=\"wpforms-error-noscript\">Bu formu bitirebilmek i\u00e7in taray\u0131c\u0131n\u0131zda JavaScript&#039;i etkinle\u015ftirin.<\/noscript><div class=\"wpforms-hidden\" id=\"wpforms-error-noscript\">Bu formu bitirebilmek i\u00e7in taray\u0131c\u0131n\u0131zda JavaScript&#039;i etkinle\u015ftirin.<\/div><div class=\"wpforms-field-container\"><div id=\"wpforms-19150-field_1-container\" class=\"wpforms-field wpforms-field-text\" data-field-id=\"1\"><label class=\"wpforms-field-label wpforms-label-hide\" for=\"wpforms-19150-field_1\" aria-hidden=\"false\">Tam Ad\u0131n\u0131z <span class=\"wpforms-required-label\" aria-hidden=\"true\">*<\/span><\/label><input type=\"text\" id=\"wpforms-19150-field_1\" class=\"wpforms-field-large wpforms-field-required\" name=\"wpforms[fields][1]\" placeholder=\"Tam Ad\u0131n\u0131z\" aria-errormessage=\"wpforms-19150-field_1-error\" required><\/div><div id=\"wpforms-19150-field_3-container\" class=\"wpforms-field wpforms-field-email\" data-field-id=\"3\"><label class=\"wpforms-field-label wpforms-label-hide\" for=\"wpforms-19150-field_3\" aria-hidden=\"false\">Telefon Numaras\u0131 <span class=\"wpforms-required-label\" aria-hidden=\"true\">*<\/span><\/label><input type=\"email\" id=\"wpforms-19150-field_3\" class=\"wpforms-field-large wpforms-field-required\" name=\"wpforms[fields][3]\" placeholder=\"Telefon Numaran\u0131z\" spellcheck=\"false\" aria-errormessage=\"wpforms-19150-field_3-error\" required><\/div><div id=\"wpforms-19150-field_6-container\" class=\"wpforms-field wpforms-field-email\" data-field-id=\"6\"><label class=\"wpforms-field-label wpforms-label-hide\" for=\"wpforms-19150-field_6\" aria-hidden=\"false\">Mail Adresi <span class=\"wpforms-required-label\" aria-hidden=\"true\">*<\/span><\/label><input type=\"email\" id=\"wpforms-19150-field_6\" class=\"wpforms-field-large wpforms-field-required\" name=\"wpforms[fields][6]\" placeholder=\"Mail Adresiniz\" spellcheck=\"false\" aria-errormessage=\"wpforms-19150-field_6-error\" required><\/div><div id=\"wpforms-19150-field_7-container\" class=\"wpforms-field wpforms-field-select wpforms-field-select-style-classic\" data-field-id=\"7\"><label class=\"wpforms-field-label wpforms-label-hide\" for=\"wpforms-19150-field_7\" aria-hidden=\"false\">Hangi \u00dcr\u00fcn\u00fcm\u00fcz \u0130le \u0130lgileniyorsunuz?<\/label><div class=\"select-wrap wpforms-field-medium\"><select id=\"wpforms-19150-field_7\" class=\"wpforms-field-medium\" name=\"wpforms[fields][7]\"><option value=\"\" class=\"placeholder\" disabled  selected='selected'>Hangi \u00dcr\u00fcn\u00fcm\u00fcz \u0130le \u0130lgileniyorsunuz?<\/option><option value=\"Pagoda \u00c7ad\u0131r\" >Pagoda \u00c7ad\u0131r<\/option><option value=\"Etkinlik \u00c7ad\u0131r\u0131\" >Etkinlik \u00c7ad\u0131r\u0131<\/option><option value=\"B\u00fcy\u00fck \u00c7ad\u0131r\" >B\u00fcy\u00fck \u00c7ad\u0131r<\/option><option value=\"End\u00fcstiryel \u00c7ad\u0131r\" >End\u00fcstiryel \u00c7ad\u0131r<\/option><option value=\"Askeri &amp; Hangar \u00c7ad\u0131r\u0131\" >Askeri &amp; Hangar \u00c7ad\u0131r\u0131<\/option><\/select><\/div><\/div><div id=\"wpforms-19150-field_5-container\" class=\"wpforms-field wpforms-field-textarea\" data-field-id=\"5\"><label class=\"wpforms-field-label wpforms-label-hide\" for=\"wpforms-19150-field_5\" aria-hidden=\"false\">Mesaj\u0131n\u0131z<\/label><textarea id=\"wpforms-19150-field_5\" class=\"wpforms-field-medium\" name=\"wpforms[fields][5]\" placeholder=\"Mesaj\u0131n\u0131z...\" aria-errormessage=\"wpforms-19150-field_5-error\" ><\/textarea><\/div><\/div><!-- .wpforms-field-container --><div class=\"wpforms-submit-container\" ><input type=\"hidden\" name=\"wpforms[id]\" value=\"19150\"><input type=\"hidden\" name=\"wpforms[author]\" value=\"1\"><button type=\"submit\" name=\"wpforms[submit]\" id=\"wpforms-submit-19150\" class=\"wpforms-submit\" data-alt-text=\"G\u00f6nderiliyor...\" data-submit-text=\"Mesaj G\u00f6nder\" aria-live=\"assertive\" value=\"wpforms-submit\">Mesaj G\u00f6nder<\/button><img loading=\"lazy\" decoding=\"async\" src=\"https:\/\/www.renastructures.com\/wp-content\/plugins\/wpforms-lite\/assets\/images\/submit-spin.svg\" class=\"wpforms-submit-spinner\" style=\"display: none;\" width=\"26\" height=\"26\" alt=\"Y\u00fckleniyor\"><\/div><\/form><\/div>  <!-- .wpforms-container -->\t\t<\/div>\n\t\t\t\t<\/div>\n\t\t\t\t\t<\/div>\n\t\t\t\t<\/div>\n\t\t\t\t<\/div>\n\t\t\t\t\t<\/div>\n\t\t\t\t<\/div>\n\t\t\t\t<section class=\"elementor-section elementor-top-section elementor-element elementor-element-3bdf5b6 elementor-section-boxed elementor-section-height-default elementor-section-height-default\" data-id=\"3bdf5b6\" data-element_type=\"section\">\n\t\t\t\t\t\t<div class=\"elementor-container elementor-column-gap-default\">\n\t\t\t\t\t\t\t<div class=\"elementor-row\">\n\t\t\t\t\t<div class=\"elementor-column elementor-col-100 elementor-top-column elementor-element elementor-element-3a0f495\" data-id=\"3a0f495\" data-element_type=\"column\">\n\t\t\t<div class=\"elementor-column-wrap elementor-element-populated\">\n\t\t\t\t\t\t\t<div class=\"elementor-widget-wrap\">\n\t\t\t\t\t\t<div class=\"elementor-element elementor-element-24baf63 elementor-widget elementor-widget-google_maps\" data-id=\"24baf63\" data-element_type=\"widget\" data-widget_type=\"google_maps.default\">\n\t\t\t\t<div class=\"elementor-widget-container\">\n\t\t\t\t\t<div class=\"elementor-custom-embed\">\n\t\t\t<iframe loading=\"lazy\"\n\t\t\t\t\tsrc=\"https:\/\/maps.google.com\/maps?q=Renta%20Yap%C4%B1%20Kiral%C4%B1k%20%C3%87ad%C4%B1r%20ve%20Ekipmanlar%C4%B1&#038;t=m&#038;z=10&#038;output=embed&#038;iwloc=near\"\n\t\t\t\t\ttitle=\"Renta Yap\u0131 Kiral\u0131k \u00c7ad\u0131r ve Ekipmanlar\u0131\"\n\t\t\t\t\taria-label=\"Renta Yap\u0131 Kiral\u0131k \u00c7ad\u0131r ve Ekipmanlar\u0131\"\n\t\t\t><\/iframe>\n\t\t<\/div>\n\t\t\t\t<\/div>\n\t\t\t\t<\/div>\n\t\t\t\t\t\t<\/div>\n\t\t\t\t\t<\/div>\n\t\t<\/div>\n\t\t\t\t\t\t\t\t<\/div>\n\t\t\t\t\t<\/div>\n\t\t<\/section>\n\t\t\t\t\t\t\t\t\t<\/div>\n\t\t\t<\/div>\n\t\t\t\t\t<\/div>\n\t\t","protected":false},"excerpt":{"rendered":"<p>Atat\u00fcrk Mahallesi Sedef Caddesi Ata Bloklar\u0131 3\/5 Blok Kat:2 Daire:56 Ata\u015fehir \/ \u0130stanbul Twitter Facebook-f Linkedin-in Instagram +90 216 504 46 96 +90\u00a0533\u00a0473\u00a032\u00a055 Bizimle \u00e7al\u0131\u015fmak ister misiniz? \u00a0 info@renastructures.com Projelerinize konusunda sizlere nas\u0131l yard\u0131mc\u0131 olabilece\u011fimiz konusunda daha fazla bilgi almak i\u00e7in&#8230;<\/p>\n","protected":false},"author":1,"featured_media":0,"parent":0,"menu_order":0,"comment_status":"closed","ping_status":"closed","template":"","meta":{"inline_featured_image":false,"footnotes":""},"class_list":["post-18181","page","type-page","status-publish","hentry"],"_links":{"self":[{"href":"https:\/\/www.renastructures.com\/tr\/wp-json\/wp\/v2\/pages\/18181","targetHints":{"allow":["GET"]}}],"collection":[{"href":"https:\/\/www.renastructures.com\/tr\/wp-json\/wp\/v2\/pages"}],"about":[{"href":"https:\/\/www.renastructures.com\/tr\/wp-json\/wp\/v2\/types\/page"}],"author":[{"embeddable":true,"href":"https:\/\/www.renastructures.com\/tr\/wp-json\/wp\/v2\/users\/1"}],"replies":[{"embeddable":true,"href":"https:\/\/www.renastructures.com\/tr\/wp-json\/wp\/v2\/comments?post=18181"}],"version-history":[{"count":20,"href":"https:\/\/www.renastructures.com\/tr\/wp-json\/wp\/v2\/pages\/18181\/revisions"}],"predecessor-version":[{"id":19175,"href":"https:\/\/www.renastructures.com\/tr\/wp-json\/wp\/v2\/pages\/18181\/revisions\/19175"}],"wp:attachment":[{"href":"https:\/\/www.renastructures.com\/tr\/wp-json\/wp\/v2\/media?parent=18181"}],"curies":[{"name":"wp","href":"https:\/\/api.w.org\/{rel}","templated":true}]}}